{"id":2909,"date":"2020-02-27T10:22:43","date_gmt":"2020-02-27T16:22:43","guid":{"rendered":"https:\/\/ranchonatura.com\/?post_type=product&#038;p=2909"},"modified":"2024-03-29T22:32:44","modified_gmt":"2024-03-30T04:32:44","slug":"caja-de-12-jugos-de-nopal","status":"publish","type":"product","link":"https:\/\/ranchonatura.com\/en\/product\/caja-de-12-jugos-de-nopal\/","title":{"rendered":"Jugo de Nopal Org\u00e1nico"},"content":{"rendered":"<p>Disfruta hasta las puertas de tu hogar el gran sabor del jugo Rancho Natura\u00ae de Nopal org\u00e1nico, elaborado con ingredientes naturales y de la m\u00e1s alta calidad. SIN az\u00facar a\u00f1adida, SIN conservadores y CON toda la fibra del nopal y la fruta.<\/p>\n<div class=\"wpb_single_image wpb_content_element vc_align_center\">\n<figure class=\"wpb_wrapper vc_figure\">\n<div class=\"vc_single_image-wrapper vc_box_border_grey\"><img decoding=\"async\" class=\"vc_single_image-img attachment-full\" src=\"https:\/\/ranchonatura.com\/wp-content\/uploads\/2017\/02\/Productos-NOPAL.png\" sizes=\"(max-width: 370px) 100vw, 370px\" srcset=\"https:\/\/ranchonatura.com\/wp-content\/uploads\/2017\/02\/Productos-NOPAL.png 370w, https:\/\/ranchonatura.com\/wp-content\/uploads\/2017\/02\/Productos-NOPAL-300x243.png 300w\" alt=\"Rancho Natura: Jugo de nopal 100% Org\u00e1nico, Natural y Mexicano\" width=\"370\" height=\"300\" \/><\/div>\n<\/figure>\n<\/div>\n<div class=\"wpb_text_column wpb_content_element \">\n<div class=\"wpb_wrapper\">\n<h2><strong>JUGO DE NOPAL <\/strong><strong>ORG\u00c1NICO<\/strong><strong>.<\/strong><\/h2>\n<table style=\"width: 100%;\">\n<tbody>\n<tr>\n<td>Jugo de Nopal<\/td>\n<td><strong>99.1%<\/strong><\/td>\n<\/tr>\n<tr>\n<td>Jugo de Apio<\/td>\n<td><strong>0.3%<\/strong><\/td>\n<\/tr>\n<tr>\n<td>Jugo de Perejil<\/td>\n<td><strong>0.6%<\/strong><\/td>\n<\/tr>\n<tr>\n<td><\/td>\n<td><strong>100%<\/strong><\/td>\n<\/tr>\n<\/tbody>\n<\/table>\n<\/div>\n<\/div>\n<h2>Nutrici\u00f3n<\/h2>\n<table style=\"width: 93%;\">\n<tbody>\n<tr>\n<td>Tama\u00f1o de la porci\u00f3n<\/td>\n<td>330 ml<\/td>\n<\/tr>\n<tr>\n<td>Porciones por envase<\/td>\n<td>1<\/td>\n<\/tr>\n<tr>\n<td>Energ\u00eda (kcal)<\/td>\n<td>80 kcal<\/td>\n<\/tr>\n<tr>\n<td>Prote\u00ednas<\/td>\n<td>1 g<\/td>\n<\/tr>\n<tr>\n<td>Grasa total<\/td>\n<td>0 g<\/td>\n<\/tr>\n<tr>\n<td>Grasa saturada<\/td>\n<td>0 g<\/td>\n<\/tr>\n<tr>\n<td>Colesterol<\/td>\n<td>0 g<\/td>\n<\/tr>\n<tr>\n<td>Carbohidratos<\/td>\n<td>19 g<\/td>\n<\/tr>\n<tr>\n<td>Fibra diet\u00e9tica<\/td>\n<td>5 g<\/td>\n<\/tr>\n<tr>\n<td>Azucares totales<\/td>\n<td>5 g<\/td>\n<\/tr>\n<tr>\n<td>Sodio<\/td>\n<td>15 mg<\/td>\n<\/tr>\n<tr>\n<td>Calcio<\/td>\n<td>0.4<\/td>\n<\/tr>\n<\/tbody>\n<\/table>\n<p>&nbsp;<\/p>\n","protected":false},"excerpt":{"rendered":"<h3>Caja con 12 jugos<\/h3>\n<p>&nbsp;<\/p>\n<p class=\"n0n3\">El jugo de nopal org\u00e1nico Rancho Natura\u00ae, est\u00e1 elaborado con nopal org\u00e1nico plantado y cosechado en nuestro propio rancho.<\/p>\n<p class=\"n0n3\">SIN az\u00facar a\u00f1adida, SIN conservadores y CON todas las propiedades naturales del nopal.<\/p>\n","protected":false},"featured_media":2951,"comment_status":"open","ping_status":"closed","template":"","meta":{"pgc_meta":""},"product_brand":[],"product_cat":[111],"product_tag":[],"class_list":{"0":"post-2909","1":"product","2":"type-product","3":"status-publish","4":"has-post-thumbnail","6":"product_cat-rancho-natura","8":"first","9":"outofstock","10":"featured","11":"shipping-taxable","12":"purchasable","13":"product-type-simple"},"aioseo_notices":[],"_links":{"self":[{"href":"https:\/\/ranchonatura.com\/en\/wp-json\/wp\/v2\/product\/2909","targetHints":{"allow":["GET"]}}],"collection":[{"href":"https:\/\/ranchonatura.com\/en\/wp-json\/wp\/v2\/product"}],"about":[{"href":"https:\/\/ranchonatura.com\/en\/wp-json\/wp\/v2\/types\/product"}],"replies":[{"embeddable":true,"href":"https:\/\/ranchonatura.com\/en\/wp-json\/wp\/v2\/comments?post=2909"}],"wp:featuredmedia":[{"embeddable":true,"href":"https:\/\/ranchonatura.com\/en\/wp-json\/wp\/v2\/media\/2951"}],"wp:attachment":[{"href":"https:\/\/ranchonatura.com\/en\/wp-json\/wp\/v2\/media?parent=2909"}],"wp:term":[{"taxonomy":"product_brand","embeddable":true,"href":"https:\/\/ranchonatura.com\/en\/wp-json\/wp\/v2\/product_brand?post=2909"},{"taxonomy":"product_cat","embeddable":true,"href":"https:\/\/ranchonatura.com\/en\/wp-json\/wp\/v2\/product_cat?post=2909"},{"taxonomy":"product_tag","embeddable":true,"href":"https:\/\/ranchonatura.com\/en\/wp-json\/wp\/v2\/product_tag?post=2909"}],"curies":[{"name":"wp","href":"https:\/\/api.w.org\/{rel}","templated":true}]}}